{"id":672,"date":"2024-11-26T22:20:51","date_gmt":"2024-11-26T22:20:51","guid":{"rendered":"http:\/\/localhost:8888\/travel25\/?page_id=672"},"modified":"2024-12-01T18:16:25","modified_gmt":"2024-12-01T18:16:25","slug":"declaracao-de-privacidade","status":"publish","type":"page","link":"https:\/\/travelandexperiences.com.pt\/en\/declaracao-de-privacidade\/","title":{"rendered":"Privacy Declaration"},"content":{"rendered":"<h2 id=\"nome-da-loja-pol\u00edtica-de-privacidade\"><\/h2>\n<h2><\/h2>\n<h2><\/h2>\n<h2>Privacy Policy<\/h2>\n<p>This Privacy Policy describes how your personal information is collected, used, and shared when you visit or request information from www.travelandexperiences.com.pt.<\/p>\n<p><strong>PERSONAL INFORMATION WE COLLECT<\/strong><\/p>\n<p>When you visit the Site, we automatically collect certain information about your device, including details about your web browser, IP address, time zone, and some of the cookies installed on your device.<\/p>\n<p>Additionally, as you browse the Site, we collect information about the individual pages or products you view, the websites or search terms that referred you to the Site, and information about how you interact with the Site. We refer to this automatically collected information as Device Information.\u00a0<strong>Informa\u00e7\u00e3o do Dispositivo<\/strong>.<\/p>\n<p>We collect Device Information using the following technologies:<\/p>\n<ul>\n<li><strong>Cookies<\/strong>\u00a0These are data files placed on your device or computer and often include an anonymous unique identifier.<\/li>\n<li><strong>Log files<\/strong>\u00a0These track actions occurring on the Site and collect data including your IP address, browser type, Internet service provider, referring\/exit pages, and date\/time stamps.<\/li>\n<li><strong>Google Analytics<\/strong><\/li>\n<\/ul>\n<p>&nbsp;<\/p>\n<p>Privacy Policy\nThis Privacy Policy describes how your personal information is collected, used, and shared when you visit or request information from www.travelandexperiences.com.pt.\n\nPERSONAL INFORMATION WE COLLECT\nWhen you visit the Site, we automatically collect certain information about your device, including details about your web browser, IP address, time zone, and some of the cookies installed on your device.\n\nAdditionally, as you browse the Site, we collect information about the individual pages or products you view, the websites or search terms that referred you to the Site, and information about how you interact with the Site. We refer to this automatically collected information as Device Information.\n\nWe collect Device Information using the following technologies:\n\nCookies: These are data files placed on your device or computer and often include an anonymous unique identifier.\nLog files: These track actions occurring on the Site and collect data including your IP address, browser type, Internet service provider, referring\/exit pages, and date\/time stamps.\nGoogle Analytics\nAdditionally, when you make a request for information through www.travelandexperiences.com.pt, we collect certain information from you, including your name, email address, and phone number. This is referred to as\u00a0<strong>Order Information.<\/strong>.<\/p>\n<p><em>Certifique-se de que menciona toda a outra informa\u00e7\u00e3o que recolhe.<\/em><\/p>\n<p>Por\u00a0<strong>Informa\u00e7\u00e3o Pessoal<\/strong>, nesta Pol\u00edtica de Privacidade, referimo-nos a Informa\u00e7\u00e3o do Dispositivo e Informa\u00e7\u00e3o da Encomenda.<\/p>\n<p><strong>HOW WE USE YOUR PERSONAL INFORMATION<\/strong><\/p>\n<p>We generally use the Order Information we collect to fulfill any request made through the Site (including processing your payment information, arranging for shipping, and providing you with invoices and\/or order confirmations).<\/p>\n<p>Additionally, we use this Order Information to:<\/p>\n<ul>\n<li>Communicate with you.<\/li>\n<li>Screen our orders for potential risk or fraud.<\/li>\n<li>When in line with the preferences you have shared with us, provide you with information or advertising relating to our products or services.<\/li>\n<\/ul>\n<p>We use the Device Information that we collect to help us screen for potential risks and fraud (in particular, your IP address) and more generally to improve and optimize our Site.<\/p>\n<p><strong>SHARING YOUR PERSONAL INFORMATION<\/strong><\/p>\n<p>We share your Personal Information with third parties to help us use your Personal Information as described above.<\/p>\n<p>Tamb\u00e9m usamos a Google Analytics para nos ajudar a perceber como os nossos clientes usam a www.travelandexperiences.com.pt. <a href=\"https:\/\/www.google.com\/intl\/en\/policies\/privacy\/\" target=\"_blank\" rel=\"nofollow noopener\">We also use Google Analytics to help us understand how our customers use www.travelandexperiences.com.pt.<\/a>.<\/p>\n<p>Finally, we may also share your Personal Information to comply with applicable laws and regulations, respond to subpoenas, search warrants, or other lawful requests for information we receive, or to otherwise protect our rights.<\/p>\n<p><strong>BEHAVIORAL ADVERTISING<\/strong><\/p>\n<p>We use your Personal Information to provide you with targeted advertisements or marketing communications we believe may be of interest to you.<\/p>\n<p>You can opt-out of targeted advertising through the following links:<\/p>\n<ul>\n<li><a href=\"https:\/\/www.facebook.com\/settings\/?tab=ads\" target=\"_blank\" rel=\"nofollow noopener\">Facebook<\/a><\/li>\n<li><a href=\"https:\/\/adssettings.google.com\/\" target=\"_blank\" rel=\"nofollow noopener\">Google\u00a0<\/a><\/li>\n<\/ul>\n<p>&nbsp;<\/p>\n<p><strong>YOUR RIGHTS<\/strong><\/p>\n<p>If you are a European resident, you have the right to access the personal information we hold about you and to ask that your personal information be corrected, updated, or deleted. If you would like to exercise this right, please contact us.<\/p>\n<p>Additionally, if you are a European resident, we note that we process your information to fulfill contracts we might have with you or to otherwise pursue our legitimate business interests listed above.<\/p>\n<p>Please note that your information will be transferred outside of Europe, including to Canada and the United States.<\/p>\n<p><strong>DATA RETENTION<\/strong><\/p>\n<p>When you place an order through the Site, we will maintain your Order Information for our records unless and until you ask us to delete this information.<\/p>\n<p><strong>MINORS<\/strong><\/p>\n<p>The Site is not intended for individuals under the age of 18.<\/p>\n<p><strong>CHANGES<\/strong><\/p>\n<p>We may update this privacy policy from time to time to reflect, for example, changes to our practices or for other operational, legal, or regulatory reasons.<\/p>\n<p>If you have any additional questions or require more information, please do not hesitate to contact us at travelandexperiences@gmail.com.<\/p>","protected":false},"excerpt":{"rendered":"<p>Pol\u00edtica de Privacidade Esta Pol\u00edtica de Privacidade descreve como a sua informa\u00e7\u00e3o pessoal \u00e9 recolhida, usada e partilhada ao visitar ou fazer pedidos de informa\u00e7\u00e3o em www.travelandexperiences.com.pt A INFORMA\u00c7\u00c3O PESSOAL QUE RECOLHEMOS Quando visita o Site, recolhemos automaticamente certas informa\u00e7\u00f5es sobre o seu dispositivo, incluindo informa\u00e7\u00e3o sobre o seu navegador de internet, endere\u00e7o de IP, [&hellip;]<\/p>","protected":false},"author":1,"featured_media":0,"parent":0,"menu_order":0,"comment_status":"closed","ping_status":"closed","template":"","meta":{"footnotes":""},"class_list":["post-672","page","type-page","status-publish","hentry"],"meta_box":[],"_links":{"self":[{"href":"https:\/\/travelandexperiences.com.pt\/en\/wp-json\/wp\/v2\/pages\/672"}],"collection":[{"href":"https:\/\/travelandexperiences.com.pt\/en\/wp-json\/wp\/v2\/pages"}],"about":[{"href":"https:\/\/travelandexperiences.com.pt\/en\/wp-json\/wp\/v2\/types\/page"}],"author":[{"embeddable":true,"href":"https:\/\/travelandexperiences.com.pt\/en\/wp-json\/wp\/v2\/users\/1"}],"replies":[{"embeddable":true,"href":"https:\/\/travelandexperiences.com.pt\/en\/wp-json\/wp\/v2\/comments?post=672"}],"version-history":[{"count":8,"href":"https:\/\/travelandexperiences.com.pt\/en\/wp-json\/wp\/v2\/pages\/672\/revisions"}],"predecessor-version":[{"id":1146,"href":"https:\/\/travelandexperiences.com.pt\/en\/wp-json\/wp\/v2\/pages\/672\/revisions\/1146"}],"wp:attachment":[{"href":"https:\/\/travelandexperiences.com.pt\/en\/wp-json\/wp\/v2\/media?parent=672"}],"curies":[{"name":"wp","href":"https:\/\/api.w.org\/{rel}","templated":true}]}}